{"id":1927,"date":"2025-08-30T08:58:10","date_gmt":"2025-08-30T08:58:10","guid":{"rendered":"https:\/\/esmasqueenergia.com\/?page_id=1927"},"modified":"2025-09-05T07:54:34","modified_gmt":"2025-09-05T07:54:34","slug":"solicitar-estudio-gratuito-telefonia","status":"publish","type":"page","link":"https:\/\/esmasqueenergia.com\/index.php\/solicitar-estudio-gratuito-telefonia\/","title":{"rendered":"Solicitar estudio gratuito-telefonia"},"content":{"rendered":"\t\t<div data-elementor-type=\"wp-page\" data-elementor-id=\"1927\" class=\"elementor elementor-1927\">\n\t\t\t\t<div class=\"elementor-element elementor-element-0039454 e-flex e-con-boxed e-con e-parent\" data-id=\"0039454\" data-element_type=\"container\" data-e-type=\"container\" data-settings=\"{&quot;background_background&quot;:&quot;classic&quot;}\">\n\t\t\t\t\t<div class=\"e-con-inner\">\n\t\t\t\t<div class=\"elementor-element elementor-element-eee4d9c elementor-widget elementor-widget-image-box\" data-id=\"eee4d9c\" data-element_type=\"widget\" data-e-type=\"widget\" data-widget_type=\"image-box.default\">\n\t\t\t\t<div class=\"elementor-widget-container\">\n\t\t\t\t\t<div class=\"elementor-image-box-wrapper\"><div class=\"elementor-image-box-content\"><h1 class=\"elementor-image-box-title\">Solicitar estudio gratuito<\/h1><p class=\"elementor-image-box-description\">Nuestro equipo de expertos est\u00e1 listo para brindar soluciones de telefon\u00eda de primer nivel adaptadas a tus necesidades. Cont\u00e1ctanos hoy para una consulta.<\/p><\/div><\/div>\t\t\t\t<\/div>\n\t\t\t\t<\/div>\n\t\t\t\t\t<\/div>\n\t\t\t\t<\/div>\n\t\t<div class=\"elementor-element elementor-element-879d333 e-flex e-con-boxed e-con e-parent\" data-id=\"879d333\" data-element_type=\"container\" data-e-type=\"container\" data-settings=\"{&quot;background_background&quot;:&quot;classic&quot;}\">\n\t\t\t\t\t<div class=\"e-con-inner\">\n\t\t<div class=\"elementor-element elementor-element-39b39e2 e-con-full e-flex e-con e-child\" data-id=\"39b39e2\" data-element_type=\"container\" data-e-type=\"container\" data-settings=\"{&quot;background_background&quot;:&quot;classic&quot;}\">\n\t\t\t\t<div class=\"elementor-element elementor-element-db02c9f elementor-widget elementor-widget-shortcode\" data-id=\"db02c9f\" data-element_type=\"widget\" data-e-type=\"widget\" data-widget_type=\"shortcode.default\">\n\t\t\t\t<div class=\"elementor-widget-container\">\n\t\t\t\t\t\t\t<div class=\"elementor-shortcode\"><div class=\"forminator-ui forminator-custom-form forminator-custom-form-2123 forminator-design--flat  forminator_ajax\" data-forminator-render=\"0\" data-form=\"forminator-module-2123\" data-uid=\"69ecfee3780df\"><br\/><\/div><form\n\t\t\t\tid=\"forminator-module-2123\"\n\t\t\t\tclass=\"forminator-ui forminator-custom-form forminator-custom-form-2123 forminator-design--flat  forminator_ajax\"\n\t\t\t\tmethod=\"post\"\n\t\t\t\tdata-forminator-render=\"0\"\n\t\t\t\tdata-form-id=\"2123\"\n\t\t\t\tenctype=\"multipart\/form-data\" data-color-option=\"default\" data-design=\"flat\" data-grid=\"open\" style=\"display: none;\"\n\t\t\t\tdata-uid=\"69ecfee3780df\"\n\t\t\t><div role=\"alert\" aria-live=\"polite\" class=\"forminator-response-message forminator-error\" aria-hidden=\"true\"><\/div><div class=\"forminator-row\"><div id=\"name-4\" class=\"forminator-field-name forminator-col forminator-col-12 \"><div class=\"forminator-row forminator-no-margin\" data-multiple=\"true\"><div class=\"forminator-col forminator-col-md-6\"><div class=\"forminator-field\"><label for=\"forminator-field-first-name-4_69ecfee3780df\" id=\"forminator-field-first-name-4_69ecfee3780df-label\" class=\"forminator-label\">Nombre <span class=\"forminator-required\">*<\/span><\/label><input type=\"text\" name=\"name-4-first-name\" placeholder=\"Ejemplo: Juan\" id=\"forminator-field-first-name-4_69ecfee3780df\" class=\"forminator-input\" aria-required=\"true\" data-multi=\"1\" autocomplete=\"given-name\" value=\"\" \/><\/div><\/div><div class=\"forminator-col forminator-col-md-6\"><div class=\"forminator-field\"><label for=\"forminator-field-last-name-4_69ecfee3780df\" id=\"forminator-field-last-name-4_69ecfee3780df-label\" class=\"forminator-label\">Apellidos<\/label><input type=\"text\" name=\"name-4-last-name\" placeholder=\"Ejemplo: P\u00e9rez\" id=\"forminator-field-last-name-4_69ecfee3780df\" class=\"forminator-input\" aria-required=\"false\" data-multi=\"1\" autocomplete=\"family-name\" value=\"\" \/><\/div><\/div><\/div><\/div><\/div><div class=\"forminator-row\"><div id=\"phone-1\" class=\"forminator-field-phone forminator-col forminator-col-6 \"><div class=\"forminator-field\"><label for=\"forminator-field-phone-1_69ecfee3780df\" id=\"forminator-field-phone-1_69ecfee3780df-label\" class=\"forminator-label\">N\u00famero de tel\u00e9fono <span class=\"forminator-required\">*<\/span><\/label><input type=\"text\" name=\"phone-1\" value=\"\" placeholder=\"Ejemplo: 666666666\" id=\"forminator-field-phone-1_69ecfee3780df\" class=\"forminator-input forminator-field--phone\" data-required=\"1\" aria-required=\"true\" autocomplete=\"off\" data-national_mode=\"enabled\" data-country=\"es\" data-validation=\"standard\" \/><\/div><\/div><div id=\"email-1\" class=\"forminator-field-email forminator-col forminator-col-6 \"><div class=\"forminator-field\"><label for=\"forminator-field-email-1_69ecfee3780df\" id=\"forminator-field-email-1_69ecfee3780df-label\" class=\"forminator-label\">Direcci\u00f3n de correo electr\u00f3nico <span class=\"forminator-required\">*<\/span><\/label><input type=\"email\" name=\"email-1\" value=\"\" placeholder=\"Ejemplo: info@info.com\" id=\"forminator-field-email-1_69ecfee3780df\" class=\"forminator-input forminator-email--field\" data-required=\"1\" aria-required=\"true\" autocomplete=\"email\" \/><\/div><\/div><\/div><div class=\"forminator-row\"><div id=\"radio-1\" class=\"forminator-field-radio forminator-col forminator-col-12 \"><div role=\"radiogroup\" class=\"forminator-field\" aria-labelledby=\"forminator-radiogroup-radio-1-69ecfee3780df-label\"><span id=\"forminator-radiogroup-radio-1-69ecfee3780df-label\" class=\"forminator-label\">Servicios a consultar <span class=\"forminator-required\">*<\/span><\/span><label id=\"forminator-field-radio-1-label-1\" for=\"forminator-field-radio-1-1-69ecfee3780df\" class=\"forminator-radio\" title=\"Telefon\u00eda e Internet Hogares\"><input type=\"radio\" name=\"radio-1\" value=\"one\" id=\"forminator-field-radio-1-1-69ecfee3780df\" aria-labelledby=\"forminator-field-radio-1-label-1\" data-calculation=\"0\"   data-hidden-behavior=\"zero\"\/><span class=\"forminator-radio-bullet\" aria-hidden=\"true\"><\/span><span class=\"forminator-radio-label\">Telefon\u00eda e Internet Hogares<\/span><\/label><label id=\"forminator-field-radio-1-label-2\" for=\"forminator-field-radio-1-2-69ecfee3780df\" class=\"forminator-radio\" title=\"Telefon\u00eda e Internet Negocios\"><input type=\"radio\" name=\"radio-1\" value=\"two\" id=\"forminator-field-radio-1-2-69ecfee3780df\" aria-labelledby=\"forminator-field-radio-1-label-2\" data-calculation=\"0\"   data-hidden-behavior=\"zero\"\/><span class=\"forminator-radio-bullet\" aria-hidden=\"true\"><\/span><span class=\"forminator-radio-label\">Telefon\u00eda e Internet Negocios<\/span><\/label><\/div><\/div><\/div><div class=\"forminator-row\"><div id=\"radio-2\" class=\"forminator-field-radio forminator-col forminator-col-6 \"><div role=\"radiogroup\" class=\"forminator-field\" aria-labelledby=\"forminator-radiogroup-radio-2-69ecfee3780df-label\"><span id=\"forminator-radiogroup-radio-2-69ecfee3780df-label\" class=\"forminator-label\">\u00bfTienes permanencia con t\u00fa actual operador? <span class=\"forminator-required\">*<\/span><\/span><label id=\"forminator-field-radio-2-label-1\" for=\"forminator-field-radio-2-1-69ecfee3780df\" class=\"forminator-radio\" title=\"S\u00ed\"><input type=\"radio\" name=\"radio-2\" value=\"one\" id=\"forminator-field-radio-2-1-69ecfee3780df\" aria-labelledby=\"forminator-field-radio-2-label-1\" data-calculation=\"0\"   data-hidden-behavior=\"zero\"\/><span class=\"forminator-radio-bullet\" aria-hidden=\"true\"><\/span><span class=\"forminator-radio-label\">S\u00ed<\/span><\/label><label id=\"forminator-field-radio-2-label-2\" for=\"forminator-field-radio-2-2-69ecfee3780df\" class=\"forminator-radio\" title=\"No\"><input type=\"radio\" name=\"radio-2\" value=\"two\" id=\"forminator-field-radio-2-2-69ecfee3780df\" aria-labelledby=\"forminator-field-radio-2-label-2\" data-calculation=\"0\"   data-hidden-behavior=\"zero\"\/><span class=\"forminator-radio-bullet\" aria-hidden=\"true\"><\/span><span class=\"forminator-radio-label\">No<\/span><\/label><\/div><\/div><div id=\"date-1\" class=\"forminator-field-date forminator-col forminator-col-6 \"><div class=\"forminator-field\"><label for=\"forminator-field-date-1-picker_69ecfee3780df\" id=\"forminator-field-date-1-picker_69ecfee3780df-label\" class=\"forminator-label\">Fecha de permanencia<\/label><div class=\"forminator-input-with-icon\"><span class=\"forminator-icon-calendar\" aria-hidden=\"true\"><\/span><input autocomplete=\"off\" type=\"text\" size=\"1\" name=\"date-1\" value=\"\" placeholder=\"Elegir fecha\" id=\"forminator-field-date-1-picker_69ecfee3780df\" class=\"forminator-input forminator-datepicker\" data-required=\"\" data-format=\"dd-mm-yy\" data-restrict-type=\"\" data-restrict=\"\" data-start-year=\"1926\" data-end-year=\"2126\" data-past-dates=\"enable\" data-start-of-week=\"1\" data-start-date=\"\" data-end-date=\"\" data-start-field=\"\" data-end-field=\"\" data-start-offset=\"\" data-end-offset=\"\" data-disable-date=\"\" data-disable-range=\"\" \/><\/div><\/div><\/div><\/div><div class=\"forminator-row\"><div id=\"textarea-1\" class=\"forminator-field-textarea forminator-col forminator-col-12 \"><div class=\"forminator-field\"><label for=\"forminator-field-textarea-1_69ecfee3780df\" id=\"forminator-field-textarea-1_69ecfee3780df-label\" class=\"forminator-label\">\u00bfCuantas l\u00edneas m\u00f3viles tienes?<\/label><textarea name=\"textarea-1\" placeholder=\"\" id=\"forminator-field-textarea-1_69ecfee3780df\" class=\"forminator-textarea\" rows=\"6\" style=\"min-height:140px;\" ><\/textarea><\/div><\/div><\/div><div class=\"forminator-row\"><div id=\"radio-3\" class=\"forminator-field-radio forminator-col forminator-col-12 \"><div role=\"radiogroup\" class=\"forminator-field\" aria-labelledby=\"forminator-radiogroup-radio-3-69ecfee3780df-label\"><span id=\"forminator-radiogroup-radio-3-69ecfee3780df-label\" class=\"forminator-label\">\u00bfQuieres dar de baja o a\u00f1adir alguna lineal adicional? <span class=\"forminator-required\">*<\/span><\/span><label id=\"forminator-field-radio-3-label-1\" for=\"forminator-field-radio-3-1-69ecfee3780df\" class=\"forminator-radio\" title=\"A\u00f1adir\"><input type=\"radio\" name=\"radio-3\" value=\"A\u00f1adir\" id=\"forminator-field-radio-3-1-69ecfee3780df\" aria-labelledby=\"forminator-field-radio-3-label-1\" data-calculation=\"0\"   data-hidden-behavior=\"zero\"\/><span class=\"forminator-radio-bullet\" aria-hidden=\"true\"><\/span><span class=\"forminator-radio-label\">A\u00f1adir<\/span><\/label><label id=\"forminator-field-radio-3-label-2\" for=\"forminator-field-radio-3-2-69ecfee3780df\" class=\"forminator-radio\" title=\"Baja\"><input type=\"radio\" name=\"radio-3\" value=\"Baja\" id=\"forminator-field-radio-3-2-69ecfee3780df\" aria-labelledby=\"forminator-field-radio-3-label-2\" data-calculation=\"0\"   data-hidden-behavior=\"zero\"\/><span class=\"forminator-radio-bullet\" aria-hidden=\"true\"><\/span><span class=\"forminator-radio-label\">Baja<\/span><\/label><label id=\"forminator-field-radio-3-label-3\" for=\"forminator-field-radio-3-3-69ecfee3780df\" class=\"forminator-radio\" title=\"No\"><input type=\"radio\" name=\"radio-3\" value=\"No\" id=\"forminator-field-radio-3-3-69ecfee3780df\" aria-labelledby=\"forminator-field-radio-3-label-3\" data-calculation=\"0\"   data-hidden-behavior=\"zero\"\/><span class=\"forminator-radio-bullet\" aria-hidden=\"true\"><\/span><span class=\"forminator-radio-label\">No<\/span><\/label><\/div><\/div><\/div><div class=\"forminator-row\"><div id=\"textarea-3\" class=\"forminator-field-textarea forminator-col forminator-col-12 \"><div class=\"forminator-field\"><label for=\"forminator-field-textarea-3_69ecfee3780df\" id=\"forminator-field-textarea-3_69ecfee3780df-label\" class=\"forminator-label\">\u00bfDispones de n\u00famero fijo? \u00bfLo utilizas?<\/label><textarea name=\"textarea-3\" placeholder=\"\" id=\"forminator-field-textarea-3_69ecfee3780df\" class=\"forminator-textarea\" rows=\"6\" style=\"min-height:140px;\" ><\/textarea><\/div><\/div><\/div><div class=\"forminator-row\"><div id=\"textarea-4\" class=\"forminator-field-textarea forminator-col forminator-col-12 \"><div class=\"forminator-field\"><label for=\"forminator-field-textarea-4_69ecfee3780df\" id=\"forminator-field-textarea-4_69ecfee3780df-label\" class=\"forminator-label\">\u00bfQu\u00e9 plataformas digitales tienes contratadas o te gustar\u00eda contratar? (Netflix, Hbo, Prime Video, Deportes) TV con F\u00fatbol o sin F\u00fatbol?<\/label><textarea name=\"textarea-4\" placeholder=\"\" id=\"forminator-field-textarea-4_69ecfee3780df\" class=\"forminator-textarea\" rows=\"6\" style=\"min-height:140px;\" ><\/textarea><\/div><\/div><\/div><div class=\"forminator-row\"><div id=\"textarea-5\" class=\"forminator-field-textarea forminator-col forminator-col-12 \"><div class=\"forminator-field\"><label for=\"forminator-field-textarea-5_69ecfee3780df\" id=\"forminator-field-textarea-5_69ecfee3780df-label\" class=\"forminator-label\">Ind\u00edcanos con que Empresa NO contratar\u00edas (para descartarla del estudio)<\/label><textarea name=\"textarea-5\" placeholder=\"\" id=\"forminator-field-textarea-5_69ecfee3780df\" class=\"forminator-textarea\" rows=\"6\" style=\"min-height:140px;\" ><\/textarea><\/div><\/div><\/div><div class=\"forminator-row\"><div id=\"textarea-2\" class=\"forminator-field-textarea forminator-col forminator-col-12 \"><div class=\"forminator-field\"><label for=\"forminator-field-textarea-2_69ecfee3780df\" id=\"forminator-field-textarea-2_69ecfee3780df-label\" class=\"forminator-label\">Observaciones o comentarios<\/label><textarea name=\"textarea-2\" placeholder=\"Expl\u00edcanos tu caso\" id=\"forminator-field-textarea-2_69ecfee3780df\" class=\"forminator-textarea\" rows=\"6\" style=\"min-height:140px;\" ><\/textarea><\/div><\/div><\/div><div class=\"forminator-row\"><div id=\"upload-1\" class=\"forminator-field-upload forminator-col forminator-col-12 \"><div class=\"forminator-field\"><label for=\"forminator-field-upload-1_69ecfee3780df\" id=\"forminator-field-upload-1_69ecfee3780df-label\" class=\"forminator-label\">Sube tu factura<\/label><div class=\"forminator-multi-upload \" data-element=\"upload-1_69ecfee3780df\" aria-describedby=\"forminator-field-upload-1_69ecfee3780df-description\"><input type=\"file\" name=\"upload-1[]\" id=\"forminator-field-upload-1_69ecfee3780df\" class=\"forminator-input-file forminator-field-upload-1_69ecfee3780df-2123\" multiple=\"multiple\" data-method=\"ajax\" accept=\".jpg,.jpeg,.jpe,.gif,.png,.bmp,.tiff,.tif,.webp,.avif,.psd,.svgz,.json,.doc,.docx,.pdf,.odt\" data-limit=\"5\" data-limit-message=\"Puedes subir un m\u00e1ximo de 5 archivos.\" data-size=\"8000000\" data-size-message=\"El tama\u00f1o m\u00e1ximo de archivo permitido es 8 MB. \" data-filetype=\"jpg|jpeg|jpe|gif|png|bmp|tiff|tif|webp|avif|psd|svgz|json|doc|docx|pdf|odt\" data-filetype-message=\"la extensi\u00f3n del archivo no est\u00e1 permitida.\"><div class=\"forminator-multi-upload-message\" aria-hidden=\"true\"><span class=\"forminator-icon-upload\" aria-hidden=\"true\"><\/span><p>Arrastrar y soltar (o) <a class=\"forminator-upload-file--forminator-field-upload-1_69ecfee3780df\" href=\"#\" onclick=\"return false;\">cambiar archivos<\/a><\/p><\/div><\/div><span id=\"forminator-field-upload-1_69ecfee3780df-description\" class=\"forminator-description\">Sube aqu\u00ed los archivos (preferiblemente en PDF)<\/span><ul class=\"forminator-uploaded-files upload-container-upload-1_69ecfee3780df\"><\/ul><\/div><\/div><\/div><div class=\"forminator-row\"><div id=\"consent-1\" class=\"forminator-field-consent forminator-col forminator-col-12 \"><div class=\"forminator-field\"><label for=\"forminator-field-consent-1_69ecfee3780df\" id=\"forminator-field-consent-1_69ecfee3780df-label\" class=\"forminator-label\">Consentimiento <span class=\"forminator-required\">*<\/span><\/label><div class=\"forminator-checkbox__wrapper\"><label id=\"forminator-field-consent-1_69ecfee3780df__label\" class=\"forminator-checkbox forminator-consent\"><input type=\"checkbox\" name=\"consent-1\" id=\"forminator-field-consent-1_69ecfee3780df\" value=\"checked\" aria-labelledby=\"forminator-field-consent-1_69ecfee3780df-label\" aria-describedby=\"forminator-field-consent-1_69ecfee3780df__description\" data-required=\"true\" aria-required=\"true\" \/><span class=\"forminator-checkbox-box\" aria-hidden=\"true\"><\/span><\/label><div id=\"forminator-field-consent-1_69ecfee3780df__description\" class=\"forminator-checkbox__label forminator-consent__label\"><p>S\u00ed, estoy de acuerdo con la <a rel=\"noopener\" target=\"_blank\" href=\"https:\/\/soyunsos.com\/politica-de-privacidad\/\">pol\u00edtica de privacidad<\/a>.<\/p><\/div><\/div><\/div><\/div><\/div><input type=\"hidden\" name=\"referer_url\" value=\"\" \/><div class=\"forminator-row forminator-row-last\"><div class=\"forminator-col\"><div class=\"forminator-field\"><button class=\"forminator-button forminator-button-submit\">Enviar mensaje<\/button><\/div><\/div><\/div><input type=\"hidden\" id=\"forminator_nonce\" name=\"forminator_nonce\" value=\"6062276e91\" \/><input type=\"hidden\" name=\"_wp_http_referer\" value=\"\/index.php\/wp-json\/wp\/v2\/pages\/1927\" \/><input type=\"hidden\" name=\"form_id\" value=\"2123\"><input type=\"hidden\" name=\"page_id\" value=\"1927\"><input type=\"hidden\" name=\"form_type\" value=\"default\"><input type=\"hidden\" name=\"current_url\" value=\"https:\/\/esmasqueenergia.com\/index.php\/solicitar-estudio-gratuito-telefonia\/\"><input type=\"hidden\" name=\"render_id\" value=\"0\"><input type=\"hidden\" name=\"forminator-multifile-hidden\" class=\"forminator-multifile-hidden\"><input type=\"hidden\" name=\"action\" value=\"forminator_submit_form_custom-forms\"><label for=\"input_15\" class=\"forminator-hidden\" aria-hidden=\"true\">Por favor, no rellenes este campo. <input id=\"input_15\" type=\"text\" name=\"input_15\" value=\"\" autocomplete=\"off\"><\/label><\/form><\/div>\n\t\t\t\t\t\t<\/div>\n\t\t\t\t<\/div>\n\t\t\t\t<\/div>\n\t\t\t\t\t<\/div>\n\t\t\t\t<\/div>\n\t\t<div class=\"elementor-element elementor-element-0d48733 e-flex e-con-boxed e-con e-parent\" data-id=\"0d48733\" data-element_type=\"container\" data-e-type=\"container\" data-settings=\"{&quot;background_background&quot;:&quot;classic&quot;}\">\n\t\t\t\t\t<div class=\"e-con-inner\">\n\t\t\t\t<div class=\"elementor-element elementor-element-345d3d4 elementor-widget elementor-widget-heading\" data-id=\"345d3d4\" data-element_type=\"widget\" data-e-type=\"widget\" data-widget_type=\"heading.default\">\n\t\t\t\t<div class=\"elementor-widget-container\">\n\t\t\t\t\t<h2 class=\"elementor-heading-title elementor-size-default\">Ayudamos a particulares y empresas a ahorrar en sus facturas de telefon\u00eda<\/h2>\t\t\t\t<\/div>\n\t\t\t\t<\/div>\n\t\t\t\t<div class=\"elementor-element elementor-element-7479e13 elementor-widget elementor-widget-heading\" data-id=\"7479e13\" data-element_type=\"widget\" data-e-type=\"widget\" data-widget_type=\"heading.default\">\n\t\t\t\t<div class=\"elementor-widget-container\">\n\t\t\t\t\t<p class=\"elementor-heading-title elementor-size-default\">Realizamos un estudio minucioso de tu factura, te asesoramos de manera personalizada y gestionamos todos los tr\u00e1mites necesarios.<\/p>\t\t\t\t<\/div>\n\t\t\t\t<\/div>\n\t\t\t\t<div class=\"elementor-element elementor-element-3becb3d elementor-align-center elementor-widget elementor-widget-button\" data-id=\"3becb3d\" data-element_type=\"widget\" data-e-type=\"widget\" data-widget_type=\"button.default\">\n\t\t\t\t<div class=\"elementor-widget-container\">\n\t\t\t\t\t\t\t\t\t<div class=\"elementor-button-wrapper\">\n\t\t\t\t\t<a class=\"elementor-button elementor-button-link elementor-size-sm\" href=\"https:\/\/esmasqueenergia.com\/index.php\/contacto\/\">\n\t\t\t\t\t\t<span class=\"elementor-button-content-wrapper\">\n\t\t\t\t\t\t\t\t\t<span class=\"elementor-button-text\">Contactar<\/span>\n\t\t\t\t\t<\/span>\n\t\t\t\t\t<\/a>\n\t\t\t\t<\/div>\n\t\t\t\t\t\t\t\t<\/div>\n\t\t\t\t<\/div>\n\t\t\t\t\t<\/div>\n\t\t\t\t<\/div>\n\t\t\t\t<\/div>\n\t\t","protected":false},"excerpt":{"rendered":"<p>Solicitar estudio gratuito Nuestro equipo de expertos est\u00e1 listo para brindar soluciones de telefon\u00eda de primer nivel adaptadas a tus necesidades. Cont\u00e1ctanos hoy para una consulta. Ayudamos a particulares y empresas a ahorrar en sus facturas de telefon\u00eda Realizamos un estudio minucioso de tu factura, te asesoramos de manera personalizada y gestionamos todos los tr\u00e1mites [&hellip;]<\/p>\n","protected":false},"author":1,"featured_media":0,"parent":0,"menu_order":1,"comment_status":"closed","ping_status":"closed","template":"","meta":{"site-sidebar-layout":"no-sidebar","site-content-layout":"page-builder","ast-site-content-layout":"full-width-container","site-content-style":"default","site-sidebar-style":"default","ast-global-header-display":"","ast-banner-title-visibility":"disabled","ast-main-header-display":"","ast-hfb-above-header-display":"","ast-hfb-below-header-display":"","ast-hfb-mobile-header-display":"","site-post-title":"disabled","ast-breadcrumbs-content":"","ast-featured-img":"disabled","footer-sml-layout":"","theme-transparent-header-meta":"enabled","adv-header-id-meta":"","stick-header-meta":"","header-above-stick-meta":"","header-main-stick-meta":"","header-below-stick-meta":"","astra-migrate-meta-layouts":"set","ast-page-background-enabled":"default","ast-page-background-meta":{"desktop":{"background-color":"var(--ast-global-color-4)","background-image":"","background-repeat":"repeat","background-position":"center center","background-size":"auto","background-attachment":"scroll","background-type":"","background-media":"","overlay-type":"","overlay-color":"","overlay-opacity":"","overlay-gradient":""},"tablet":{"background-color":"","background-image":"","background-repeat":"repeat","background-position":"center center","background-size":"auto","background-attachment":"scroll","background-type":"","background-media":"","overlay-type":"","overlay-color":"","overlay-opacity":"","overlay-gradient":""},"mobile":{"background-color":"","background-image":"","background-repeat":"repeat","background-position":"center center","background-size":"auto","background-attachment":"scroll","background-type":"","background-media":"","overlay-type":"","overlay-color":"","overlay-opacity":"","overlay-gradient":""}},"ast-content-background-meta":{"desktop":{"background-color":"var(--ast-global-color-5)","background-image":"","background-repeat":"repeat","background-position":"center center","background-size":"auto","background-attachment":"scroll","background-type":"","background-media":"","overlay-type":"","overlay-color":"","overlay-opacity":"","overlay-gradient":""},"tablet":{"background-color":"var(--ast-global-color-5)","background-image":"","background-repeat":"repeat","background-position":"center center","background-size":"auto","background-attachment":"scroll","background-type":"","background-media":"","overlay-type":"","overlay-color":"","overlay-opacity":"","overlay-gradient":""},"mobile":{"background-color":"var(--ast-global-color-5)","background-image":"","background-repeat":"repeat","background-position":"center center","background-size":"auto","background-attachment":"scroll","background-type":"","background-media":"","overlay-type":"","overlay-color":"","overlay-opacity":"","overlay-gradient":""}},"_joinchat":[],"footnotes":""},"class_list":["post-1927","page","type-page","status-publish","hentry"],"_links":{"self":[{"href":"https:\/\/esmasqueenergia.com\/index.php\/wp-json\/wp\/v2\/pages\/1927","targetHints":{"allow":["GET"]}}],"collection":[{"href":"https:\/\/esmasqueenergia.com\/index.php\/wp-json\/wp\/v2\/pages"}],"about":[{"href":"https:\/\/esmasqueenergia.com\/index.php\/wp-json\/wp\/v2\/types\/page"}],"author":[{"embeddable":true,"href":"https:\/\/esmasqueenergia.com\/index.php\/wp-json\/wp\/v2\/users\/1"}],"replies":[{"embeddable":true,"href":"https:\/\/esmasqueenergia.com\/index.php\/wp-json\/wp\/v2\/comments?post=1927"}],"version-history":[{"count":22,"href":"https:\/\/esmasqueenergia.com\/index.php\/wp-json\/wp\/v2\/pages\/1927\/revisions"}],"predecessor-version":[{"id":2220,"href":"https:\/\/esmasqueenergia.com\/index.php\/wp-json\/wp\/v2\/pages\/1927\/revisions\/2220"}],"wp:attachment":[{"href":"https:\/\/esmasqueenergia.com\/index.php\/wp-json\/wp\/v2\/media?parent=1927"}],"curies":[{"name":"wp","href":"https:\/\/api.w.org\/{rel}","templated":true}]}}